{"id":1302,"date":"2025-06-20T07:49:55","date_gmt":"2025-06-20T07:49:55","guid":{"rendered":"https:\/\/houseofcandy.fun\/?page_id=1302"},"modified":"2026-02-18T09:54:41","modified_gmt":"2026-02-18T09:54:41","slug":"manifesto","status":"publish","type":"page","link":"https:\/\/houseofcandy.fun\/it\/manifesto\/","title":{"rendered":"Manifesto"},"content":{"rendered":"<div data-elementor-type=\"wp-page\" data-elementor-id=\"1302\" class=\"elementor elementor-1302\" data-elementor-post-type=\"page\">\n\t\t\t\t<div class=\"elementor-element elementor-element-782cae02 e-con-full e-flex e-con e-parent\" data-id=\"782cae02\" data-element_type=\"container\" data-settings=\"{&quot;background_background&quot;:&quot;classic&quot;}\">\n\t\t<div class=\"elementor-element elementor-element-2daf24bf e-con-full e-flex e-con e-child\" data-id=\"2daf24bf\" data-element_type=\"container\">\n\t\t\t\t<div class=\"elementor-element elementor-element-5f4cdc92 elementor-widget__width-initial elementor-widget elementor-widget-heading\" data-id=\"5f4cdc92\" data-element_type=\"widget\" data-widget_type=\"heading.default\">\n\t\t\t\t<div class=\"elementor-widget-container\">\n\t\t\t\t\t<h2 class=\"elementor-heading-title elementor-size-default\">Manifesto<\/h2>\t\t\t\t<\/div>\n\t\t\t\t<\/div>\n\t\t\t\t<div class=\"elementor-element elementor-element-38a8a87 elementor-widget__width-initial elementor-widget elementor-widget-text-editor\" data-id=\"38a8a87\" data-element_type=\"widget\" data-widget_type=\"text-editor.default\">\n\t\t\t\t<div class=\"elementor-widget-container\">\n\t\t\t\t\t\t\t\t\t<p dir=\"ltr\">In\u00a0<strong>House of Candy<\/strong>\u00a0celebriamo i dolci.<\/p><p dir=\"ltr\">Il suo potere di farti sorridere, di riempire di colore le giornate grigie e di ricordarti una cosa molto semplice: a volte bisogna lasciare che la vita sia un po&#039; pi\u00f9 dolce e un po&#039; meno seria.<\/p><p dir=\"ltr\">Crediamo nel piacere senza sensi di colpa, nei piaceri che addolciscono il momento e in quegli istanti che hanno il sapore della gioia pura.<\/p><p dir=\"ltr\">Qui puoi venire a giocare, ridere e riconnetterti con il tuo bambino interiore, quello che si risveglia ogni volta che assaggi zucchero filato o una caramella.<\/p><p>House of Candy \u00e8 qui per ricordarti che\u00a0<strong>La felicit\u00e0 non si trova, si sceglie.<\/strong><\/p>\t\t\t\t\t\t\t\t<\/div>\n\t\t\t\t<\/div>\n\t\t\t\t<\/div>\n\t\t<div class=\"elementor-element elementor-element-505d73f5 e-con-full e-flex e-con e-child\" data-id=\"505d73f5\" data-element_type=\"container\" data-settings=\"{&quot;background_background&quot;:&quot;classic&quot;}\">\n\t\t\t\t<\/div>\n\t\t\t\t<\/div>\n\t\t<div class=\"elementor-element elementor-element-e04fe94 e-con-full e-flex e-con e-parent\" data-id=\"e04fe94\" data-element_type=\"container\" data-settings=\"{&quot;background_background&quot;:&quot;classic&quot;}\">\n\t\t<div class=\"elementor-element elementor-element-be676ec e-con-full e-flex e-con e-child\" data-id=\"be676ec\" data-element_type=\"container\" data-settings=\"{&quot;background_background&quot;:&quot;classic&quot;}\">\n\t\t<div class=\"elementor-element elementor-element-7759c65 e-con-full e-flex e-con e-child\" data-id=\"7759c65\" data-element_type=\"container\">\n\t\t\t\t<div class=\"elementor-element elementor-element-ece6f57 elementor-widget elementor-widget-heading\" data-id=\"ece6f57\" data-element_type=\"widget\" data-widget_type=\"heading.default\">\n\t\t\t\t<div class=\"elementor-widget-container\">\n\t\t\t\t\t<h3 class=\"elementor-heading-title elementor-size-default\">House of Candy nasce come omaggio al piacere.<\/h3>\t\t\t\t<\/div>\n\t\t\t\t<\/div>\n\t\t\t\t<div class=\"elementor-element elementor-element-36e81c0 elementor-widget__width-initial elementor-widget elementor-widget-text-editor\" data-id=\"36e81c0\" data-element_type=\"widget\" data-widget_type=\"text-editor.default\">\n\t\t\t\t<div class=\"elementor-widget-container\">\n\t\t\t\t\t\t\t\t\t<p>Nasce da un'idea semplice, una di quelle che ti vengono in mente quando ti ricordi quanto \u00e8 bello godersi la vita senza fretta. In un mondo che corre troppo veloce, volevamo creare uno spazio in cui fermarsi un attimo e riconnettersi con il bambino che \u00e8 in te: quello che ride, gioca senza pensieri e trova la magia nella quotidianit\u00e0.<\/p><p>\u00a0<\/p><p>House of Candy \u00e8 un luogo dove ogni dolce risveglia la gioia: una caramella che ti scoppia in bocca, una caramella gommosa che ti riporta alla mente i ricordi dell'infanzia, zucchero filato che interrompe la routine e ti sussurra: \"Oggi puoi concederti il piacere\".<\/p><p>\u00a0<\/p><p>Qui tutto \u00e8 pensato per farti ridere, giocare, condividere e lasciarti andare. \u00c8 un&#039;esperienza sensoriale in cui colori, sapori, consistenze e momenti si fondono per ricordarti che la felicit\u00e0 non si trova, si sceglie.<\/p>\t\t\t\t\t\t\t\t<\/div>\n\t\t\t\t<\/div>\n\t\t\t\t<\/div>\n\t\t\t\t<\/div>\n\t\t\t\t<\/div>\n\t\t<div class=\"elementor-element elementor-element-c5c2e8a e-con-full e-flex e-con e-parent\" data-id=\"c5c2e8a\" data-element_type=\"container\">\n\t\t\t\t<div class=\"elementor-element elementor-element-9049329 elementor-widget elementor-widget-gallery\" data-id=\"9049329\" data-element_type=\"widget\" data-settings=\"{&quot;columns_mobile&quot;:2,&quot;gap&quot;:{&quot;unit&quot;:&quot;px&quot;,&quot;size&quot;:0,&quot;sizes&quot;:[]},&quot;gap_tablet&quot;:{&quot;unit&quot;:&quot;px&quot;,&quot;size&quot;:0,&quot;sizes&quot;:[]},&quot;gap_mobile&quot;:{&quot;unit&quot;:&quot;px&quot;,&quot;size&quot;:0,&quot;sizes&quot;:[]},&quot;gallery_layout&quot;:&quot;grid&quot;,&quot;columns&quot;:4,&quot;columns_tablet&quot;:2,&quot;aspect_ratio&quot;:&quot;3:2&quot;,&quot;overlay_background&quot;:&quot;yes&quot;,&quot;content_hover_animation&quot;:&quot;fade-in&quot;}\" data-widget_type=\"gallery.default\">\n\t\t\t\t<div class=\"elementor-widget-container\">\n\t\t\t\t\t\t\t<div class=\"elementor-gallery__container\">\n\t\t\t\t\t\t\t<div class=\"e-gallery-item elementor-gallery-item elementor-animated-content\">\n\t\t\t\t\t<div class=\"e-gallery-image elementor-gallery-item__image\" data-thumbnail=\"https:\/\/houseofcandy.fun\/wp-content\/uploads\/2025\/06\/DSC00999-en-tamano-grande-768x512.jpeg\" data-width=\"768\" data-height=\"512\" aria-label=\"\" role=\"img\" ><\/div>\n\t\t\t\t\t\t\t\t\t\t\t<div class=\"elementor-gallery-item__overlay\"><\/div>\n\t\t\t\t\t\t\t\t\t\t\t\t\t\t<\/div>\n\t\t\t\t\t\t\t<div class=\"e-gallery-item elementor-gallery-item elementor-animated-content\">\n\t\t\t\t\t<div class=\"e-gallery-image elementor-gallery-item__image\" data-thumbnail=\"https:\/\/houseofcandy.fun\/wp-content\/uploads\/2025\/06\/DSC00283-en-tamano-grande-768x577.jpeg\" data-width=\"768\" data-height=\"577\" aria-label=\"\" role=\"img\" ><\/div>\n\t\t\t\t\t\t\t\t\t\t\t<div class=\"elementor-gallery-item__overlay\"><\/div>\n\t\t\t\t\t\t\t\t\t\t\t\t\t\t<\/div>\n\t\t\t\t\t\t\t<div class=\"e-gallery-item elementor-gallery-item elementor-animated-content\">\n\t\t\t\t\t<div class=\"e-gallery-image elementor-gallery-item__image\" data-thumbnail=\"https:\/\/houseofcandy.fun\/wp-content\/uploads\/2025\/06\/Copy-of-HOC-FAMILY0903-2-en-tamano-grande-768x577.jpeg\" data-width=\"768\" data-height=\"577\" aria-label=\"\" role=\"img\" ><\/div>\n\t\t\t\t\t\t\t\t\t\t\t<div class=\"elementor-gallery-item__overlay\"><\/div>\n\t\t\t\t\t\t\t\t\t\t\t\t\t\t<\/div>\n\t\t\t\t\t\t\t<div class=\"e-gallery-item elementor-gallery-item elementor-animated-content\">\n\t\t\t\t\t<div class=\"e-gallery-image elementor-gallery-item__image\" data-thumbnail=\"https:\/\/houseofcandy.fun\/wp-content\/uploads\/2025\/06\/Copy-of-DSC00982-en-tamano-grande-768x512.jpeg\" data-width=\"768\" data-height=\"512\" aria-label=\"\" role=\"img\" ><\/div>\n\t\t\t\t\t\t\t\t\t\t\t<div class=\"elementor-gallery-item__overlay\"><\/div>\n\t\t\t\t\t\t\t\t\t\t\t\t\t\t<\/div>\n\t\t\t\t\t\t\t<div class=\"e-gallery-item elementor-gallery-item elementor-animated-content\">\n\t\t\t\t\t<div class=\"e-gallery-image elementor-gallery-item__image\" data-thumbnail=\"https:\/\/houseofcandy.fun\/wp-content\/uploads\/2025\/06\/Copy-of-DSC00937-en-tamano-grande-768x512.jpeg\" data-width=\"768\" data-height=\"512\" aria-label=\"\" role=\"img\" ><\/div>\n\t\t\t\t\t\t\t\t\t\t\t<div class=\"elementor-gallery-item__overlay\"><\/div>\n\t\t\t\t\t\t\t\t\t\t\t\t\t\t<\/div>\n\t\t\t\t\t\t\t<div class=\"e-gallery-item elementor-gallery-item elementor-animated-content\">\n\t\t\t\t\t<div class=\"e-gallery-image elementor-gallery-item__image\" data-thumbnail=\"https:\/\/houseofcandy.fun\/wp-content\/uploads\/2025\/06\/Copy-of-DSC00705-en-tamano-grande-768x512.jpeg\" data-width=\"768\" data-height=\"512\" aria-label=\"\" role=\"img\" ><\/div>\n\t\t\t\t\t\t\t\t\t\t\t<div class=\"elementor-gallery-item__overlay\"><\/div>\n\t\t\t\t\t\t\t\t\t\t\t\t\t\t<\/div>\n\t\t\t\t\t\t\t<div class=\"e-gallery-item elementor-gallery-item elementor-animated-content\">\n\t\t\t\t\t<div class=\"e-gallery-image elementor-gallery-item__image\" data-thumbnail=\"https:\/\/houseofcandy.fun\/wp-content\/uploads\/2025\/06\/Copy-of-DSC00688-en-tamano-grande-768x512.jpeg\" data-width=\"768\" data-height=\"512\" aria-label=\"\" role=\"img\" ><\/div>\n\t\t\t\t\t\t\t\t\t\t\t<div class=\"elementor-gallery-item__overlay\"><\/div>\n\t\t\t\t\t\t\t\t\t\t\t\t\t\t<\/div>\n\t\t\t\t\t\t\t<div class=\"e-gallery-item elementor-gallery-item elementor-animated-content\">\n\t\t\t\t\t<div class=\"e-gallery-image elementor-gallery-item__image\" data-thumbnail=\"https:\/\/houseofcandy.fun\/wp-content\/uploads\/2025\/06\/Copy-of-DSC00637-2-en-tamano-grande-768x809.jpeg\" data-width=\"768\" data-height=\"809\" aria-label=\"\" role=\"img\" ><\/div>\n\t\t\t\t\t\t\t\t\t\t\t<div class=\"elementor-gallery-item__overlay\"><\/div>\n\t\t\t\t\t\t\t\t\t\t\t\t\t\t<\/div>\n\t\t\t\t\t\t\t<div class=\"e-gallery-item elementor-gallery-item elementor-animated-content\">\n\t\t\t\t\t<div class=\"e-gallery-image elementor-gallery-item__image\" data-thumbnail=\"https:\/\/houseofcandy.fun\/wp-content\/uploads\/2025\/06\/Copy-of-DSC00633-en-tamano-grande-768x512.jpeg\" data-width=\"768\" data-height=\"512\" aria-label=\"\" role=\"img\" ><\/div>\n\t\t\t\t\t\t\t\t\t\t\t<div class=\"elementor-gallery-item__overlay\"><\/div>\n\t\t\t\t\t\t\t\t\t\t\t\t\t\t<\/div>\n\t\t\t\t\t\t\t<div class=\"e-gallery-item elementor-gallery-item elementor-animated-content\">\n\t\t\t\t\t<div class=\"e-gallery-image elementor-gallery-item__image\" data-thumbnail=\"https:\/\/houseofcandy.fun\/wp-content\/uploads\/2025\/06\/Copy-of-DSC00599-Edit-en-tamano-grande-768x512.jpeg\" data-width=\"768\" data-height=\"512\" aria-label=\"\" role=\"img\" ><\/div>\n\t\t\t\t\t\t\t\t\t\t\t<div class=\"elementor-gallery-item__overlay\"><\/div>\n\t\t\t\t\t\t\t\t\t\t\t\t\t\t<\/div>\n\t\t\t\t\t\t\t<div class=\"e-gallery-item elementor-gallery-item elementor-animated-content\">\n\t\t\t\t\t<div class=\"e-gallery-image elementor-gallery-item__image\" data-thumbnail=\"https:\/\/houseofcandy.fun\/wp-content\/uploads\/2025\/06\/Copy-of-DSC00567-en-tamano-grande-768x577.jpeg\" data-width=\"768\" data-height=\"577\" aria-label=\"\" role=\"img\" ><\/div>\n\t\t\t\t\t\t\t\t\t\t\t<div class=\"elementor-gallery-item__overlay\"><\/div>\n\t\t\t\t\t\t\t\t\t\t\t\t\t\t<\/div>\n\t\t\t\t\t\t\t<div class=\"e-gallery-item elementor-gallery-item elementor-animated-content\">\n\t\t\t\t\t<div class=\"e-gallery-image elementor-gallery-item__image\" data-thumbnail=\"https:\/\/houseofcandy.fun\/wp-content\/uploads\/2025\/06\/Copy-of-DSC00496-Edit-en-tamano-grande-768x577.jpeg\" data-width=\"768\" data-height=\"577\" aria-label=\"\" role=\"img\" ><\/div>\n\t\t\t\t\t\t\t\t\t\t\t<div class=\"elementor-gallery-item__overlay\"><\/div>\n\t\t\t\t\t\t\t\t\t\t\t\t\t\t<\/div>\n\t\t\t\t\t<\/div>\n\t\t\t\t\t<\/div>\n\t\t\t\t<\/div>\n\t\t\t\t<\/div>\n\t\t\t\t<\/div>","protected":false},"excerpt":{"rendered":"<p>Manifiesto En\u00a0House of Candy\u00a0celebramos las golosinas. A su poder de sacarte una sonrisa, de llenar de color los d\u00edas grises [&hellip;]<\/p>","protected":false},"author":1,"featured_media":0,"parent":0,"menu_order":0,"comment_status":"closed","ping_status":"closed","template":"","meta":{"site-sidebar-layout":"no-sidebar","site-content-layout":"","ast-site-content-layout":"full-width-container","site-content-style":"default","site-sidebar-style":"default","ast-global-header-display":"","ast-banner-title-visibility":"","ast-main-header-display":"","ast-hfb-above-header-display":"","ast-hfb-below-header-display":"","ast-hfb-mobile-header-display":"","site-post-title":"disabled","ast-breadcrumbs-content":"","ast-featured-img":"disabled","footer-sml-layout":"","theme-transparent-header-meta":"","adv-header-id-meta":"","stick-header-meta":"","header-above-stick-meta":"","header-main-stick-meta":"","header-below-stick-meta":"","astra-migrate-meta-layouts":"default","ast-page-background-enabled":"default","ast-page-background-meta":{"desktop":{"background-color":"var(--ast-global-color-4)","background-image":"","background-repeat":"repeat","background-position":"center center","background-size":"auto","background-attachment":"scroll","background-type":"","background-media":"","overlay-type":"","overlay-color":"","overlay-opacity":"","overlay-gradient":""},"tablet":{"background-color":"","background-image":"","background-repeat":"repeat","background-position":"center center","background-size":"auto","background-attachment":"scroll","background-type":"","background-media":"","overlay-type":"","overlay-color":"","overlay-opacity":"","overlay-gradient":""},"mobile":{"background-color":"","background-image":"","background-repeat":"repeat","background-position":"center center","background-size":"auto","background-attachment":"scroll","background-type":"","background-media":"","overlay-type":"","overlay-color":"","overlay-opacity":"","overlay-gradient":""}},"ast-content-background-meta":{"desktop":{"background-color":"var(--ast-global-color-5)","background-image":"","background-repeat":"repeat","background-position":"center center","background-size":"auto","background-attachment":"scroll","background-type":"","background-media":"","overlay-type":"","overlay-color":"","overlay-opacity":"","overlay-gradient":""},"tablet":{"background-color":"var(--ast-global-color-5)","background-image":"","background-repeat":"repeat","background-position":"center center","background-size":"auto","background-attachment":"scroll","background-type":"","background-media":"","overlay-type":"","overlay-color":"","overlay-opacity":"","overlay-gradient":""},"mobile":{"background-color":"var(--ast-global-color-5)","background-image":"","background-repeat":"repeat","background-position":"center center","background-size":"auto","background-attachment":"scroll","background-type":"","background-media":"","overlay-type":"","overlay-color":"","overlay-opacity":"","overlay-gradient":""}},"footnotes":""},"class_list":["post-1302","page","type-page","status-publish","hentry"],"acf":[],"yoast_head":"<!-- This site is optimized with the Yoast SEO plugin v26.1.1 - https:\/\/yoast.com\/wordpress\/plugins\/seo\/ -->\n<title>Manifesto - House Of Candy<\/title>\n<meta name=\"robots\" content=\"index, follow, max-snippet:-1, max-image-preview:large, max-video-preview:-1\" \/>\n<link rel=\"canonical\" href=\"https:\/\/houseofcandy.fun\/it\/manifesto\/\" \/>\n<meta property=\"og:locale\" content=\"it_IT\" \/>\n<meta property=\"og:type\" content=\"article\" \/>\n<meta property=\"og:title\" content=\"Manifesto - House Of Candy\" \/>\n<meta property=\"og:description\" content=\"Manifiesto En\u00a0House of Candy\u00a0celebramos las golosinas. A su poder de sacarte una sonrisa, de llenar de color los d\u00edas grises [&hellip;]\" \/>\n<meta property=\"og:url\" content=\"https:\/\/houseofcandy.fun\/it\/manifesto\/\" \/>\n<meta property=\"og:site_name\" content=\"House Of Candy\" \/>\n<meta property=\"article:modified_time\" content=\"2026-02-18T09:54:41+00:00\" \/>\n<meta name=\"twitter:card\" content=\"summary_large_image\" \/>\n<meta name=\"twitter:label1\" content=\"Tempo di lettura stimato\" \/>\n\t<meta name=\"twitter:data1\" content=\"2 minuti\" \/>\n<script type=\"application\/ld+json\" class=\"yoast-schema-graph\">{\"@context\":\"https:\/\/schema.org\",\"@graph\":[{\"@type\":\"WebPage\",\"@id\":\"https:\/\/houseofcandy.fun\/manifesto\/\",\"url\":\"https:\/\/houseofcandy.fun\/manifesto\/\",\"name\":\"Manifesto - House Of Candy\",\"isPartOf\":{\"@id\":\"https:\/\/houseofcandy.fun\/#website\"},\"datePublished\":\"2025-06-20T07:49:55+00:00\",\"dateModified\":\"2026-02-18T09:54:41+00:00\",\"breadcrumb\":{\"@id\":\"https:\/\/houseofcandy.fun\/manifesto\/#breadcrumb\"},\"inLanguage\":\"it-IT\",\"potentialAction\":[{\"@type\":\"ReadAction\",\"target\":[\"https:\/\/houseofcandy.fun\/manifesto\/\"]}]},{\"@type\":\"BreadcrumbList\",\"@id\":\"https:\/\/houseofcandy.fun\/manifesto\/#breadcrumb\",\"itemListElement\":[{\"@type\":\"ListItem\",\"position\":1,\"name\":\"Home\",\"item\":\"https:\/\/houseofcandy.fun\/\"},{\"@type\":\"ListItem\",\"position\":2,\"name\":\"Manifesto\"}]},{\"@type\":\"WebSite\",\"@id\":\"https:\/\/houseofcandy.fun\/#website\",\"url\":\"https:\/\/houseofcandy.fun\/\",\"name\":\"House Of Candy\",\"description\":\"\",\"publisher\":{\"@id\":\"https:\/\/houseofcandy.fun\/#organization\"},\"potentialAction\":[{\"@type\":\"SearchAction\",\"target\":{\"@type\":\"EntryPoint\",\"urlTemplate\":\"https:\/\/houseofcandy.fun\/?s={search_term_string}\"},\"query-input\":{\"@type\":\"PropertyValueSpecification\",\"valueRequired\":true,\"valueName\":\"search_term_string\"}}],\"inLanguage\":\"it-IT\"},{\"@type\":\"Organization\",\"@id\":\"https:\/\/houseofcandy.fun\/#organization\",\"name\":\"House Of Candy\",\"url\":\"https:\/\/houseofcandy.fun\/\",\"logo\":{\"@type\":\"ImageObject\",\"inLanguage\":\"it-IT\",\"@id\":\"https:\/\/houseofcandy.fun\/#\/schema\/logo\/image\/\",\"url\":\"https:\/\/houseofcandy.fun\/wp-content\/uploads\/2024\/12\/main-logo-pink-claim.png\",\"contentUrl\":\"https:\/\/houseofcandy.fun\/wp-content\/uploads\/2024\/12\/main-logo-pink-claim.png\",\"width\":1029,\"height\":703,\"caption\":\"House Of Candy\"},\"image\":{\"@id\":\"https:\/\/houseofcandy.fun\/#\/schema\/logo\/image\/\"}}]}<\/script>\n<!-- \/ Yoast SEO plugin. -->","yoast_head_json":{"title":"Manifesto - House Of Candy","robots":{"index":"index","follow":"follow","max-snippet":"max-snippet:-1","max-image-preview":"max-image-preview:large","max-video-preview":"max-video-preview:-1"},"canonical":"https:\/\/houseofcandy.fun\/it\/manifesto\/","og_locale":"it_IT","og_type":"article","og_title":"Manifesto - House Of Candy","og_description":"Manifiesto En\u00a0House of Candy\u00a0celebramos las golosinas. A su poder de sacarte una sonrisa, de llenar de color los d\u00edas grises [&hellip;]","og_url":"https:\/\/houseofcandy.fun\/it\/manifesto\/","og_site_name":"House Of Candy","article_modified_time":"2026-02-18T09:54:41+00:00","twitter_card":"summary_large_image","twitter_misc":{"Tempo di lettura stimato":"2 minuti"},"schema":{"@context":"https:\/\/schema.org","@graph":[{"@type":"WebPage","@id":"https:\/\/houseofcandy.fun\/manifesto\/","url":"https:\/\/houseofcandy.fun\/manifesto\/","name":"Manifesto - House Of Candy","isPartOf":{"@id":"https:\/\/houseofcandy.fun\/#website"},"datePublished":"2025-06-20T07:49:55+00:00","dateModified":"2026-02-18T09:54:41+00:00","breadcrumb":{"@id":"https:\/\/houseofcandy.fun\/manifesto\/#breadcrumb"},"inLanguage":"it-IT","potentialAction":[{"@type":"ReadAction","target":["https:\/\/houseofcandy.fun\/manifesto\/"]}]},{"@type":"BreadcrumbList","@id":"https:\/\/houseofcandy.fun\/manifesto\/#breadcrumb","itemListElement":[{"@type":"ListItem","position":1,"name":"Home","item":"https:\/\/houseofcandy.fun\/"},{"@type":"ListItem","position":2,"name":"Manifesto"}]},{"@type":"WebSite","@id":"https:\/\/houseofcandy.fun\/#website","url":"https:\/\/houseofcandy.fun\/","name":"Casa di caramelle","description":"","publisher":{"@id":"https:\/\/houseofcandy.fun\/#organization"},"potentialAction":[{"@type":"SearchAction","target":{"@type":"EntryPoint","urlTemplate":"https:\/\/houseofcandy.fun\/?s={search_term_string}"},"query-input":{"@type":"PropertyValueSpecification","valueRequired":true,"valueName":"search_term_string"}}],"inLanguage":"it-IT"},{"@type":"Organization","@id":"https:\/\/houseofcandy.fun\/#organization","name":"Casa di caramelle","url":"https:\/\/houseofcandy.fun\/","logo":{"@type":"ImageObject","inLanguage":"it-IT","@id":"https:\/\/houseofcandy.fun\/#\/schema\/logo\/image\/","url":"https:\/\/houseofcandy.fun\/wp-content\/uploads\/2024\/12\/main-logo-pink-claim.png","contentUrl":"https:\/\/houseofcandy.fun\/wp-content\/uploads\/2024\/12\/main-logo-pink-claim.png","width":1029,"height":703,"caption":"House Of Candy"},"image":{"@id":"https:\/\/houseofcandy.fun\/#\/schema\/logo\/image\/"}}]}},"_links":{"self":[{"href":"https:\/\/houseofcandy.fun\/it\/wp-json\/wp\/v2\/pages\/1302","targetHints":{"allow":["GET"]}}],"collection":[{"href":"https:\/\/houseofcandy.fun\/it\/wp-json\/wp\/v2\/pages"}],"about":[{"href":"https:\/\/houseofcandy.fun\/it\/wp-json\/wp\/v2\/types\/page"}],"author":[{"embeddable":true,"href":"https:\/\/houseofcandy.fun\/it\/wp-json\/wp\/v2\/users\/1"}],"replies":[{"embeddable":true,"href":"https:\/\/houseofcandy.fun\/it\/wp-json\/wp\/v2\/comments?post=1302"}],"version-history":[{"count":67,"href":"https:\/\/houseofcandy.fun\/it\/wp-json\/wp\/v2\/pages\/1302\/revisions"}],"predecessor-version":[{"id":2746,"href":"https:\/\/houseofcandy.fun\/it\/wp-json\/wp\/v2\/pages\/1302\/revisions\/2746"}],"wp:attachment":[{"href":"https:\/\/houseofcandy.fun\/it\/wp-json\/wp\/v2\/media?parent=1302"}],"curies":[{"name":"wp","href":"https:\/\/api.w.org\/{rel}","templated":true}]}}