{"id":3,"date":"2024-12-12T16:29:18","date_gmt":"2024-12-12T16:29:18","guid":{"rendered":"http:\/\/houseofcandy.fun\/?page_id=3"},"modified":"2025-06-27T09:41:15","modified_gmt":"2025-06-27T09:41:15","slug":"privacy-policy","status":"publish","type":"page","link":"https:\/\/houseofcandy.fun\/fr\/privacy-policy\/","title":{"rendered":"politique de confidentialit\u00e9"},"content":{"rendered":"<h2 class=\"wp-block-heading\">Qui sommes-nous<\/h2>\r\n\r\n\r\n\r\n<p>L&#039;adresse de notre site Web est : http:\/\/houseofcandy.fun.<\/p>\r\n\r\n\r\n\r\n<h2 class=\"wp-block-heading\">Commentaires<\/h2>\r\n\r\n\r\n\r\n<p>Lorsque les visiteurs laissent des commentaires sur le site, nous collectons les donn\u00e9es affich\u00e9es dans le formulaire de commentaires, ainsi que l&#039;adresse IP du visiteur et la cha\u00eene de l&#039;agent utilisateur du navigateur pour aider \u00e0 la d\u00e9tection du spam.<\/p>\r\n\r\n\r\n\r\n<p>Une cha\u00eene anonymis\u00e9e cr\u00e9\u00e9e \u00e0 partir de votre adresse e-mail (\u00e9galement appel\u00e9e hachage) peut \u00eatre fournie au service Gravatar pour v\u00e9rifier si vous l&#039;utilisez. La politique de confidentialit\u00e9 du service Gravatar est disponible ici\u00a0: https:\/\/automattic.com\/privacy\/. Apr\u00e8s validation de votre commentaire, votre photo de profil sera visible publiquement \u00e0 c\u00f4t\u00e9 de votre commentaire.<\/p>\r\n\r\n\r\n\r\n\r\n\r\n<h2 class=\"wp-block-heading\">Cookies<\/h2>\r\n\r\n\r\n\r\n<p>Si vous laissez un commentaire sur notre site, vous pouvez choisir d&#039;enregistrer votre nom, votre adresse e-mail et votre site web dans des cookies. Ces cookies sont uniquement destin\u00e9s \u00e0 votre confort afin de vous \u00e9viter d&#039;avoir \u00e0 les saisir \u00e0 nouveau lorsque vous laisserez un autre commentaire. Ces cookies dureront un an.<\/p>\r\n\r\n\r\n\r\n\r\n\r\n\r\n\r\n\r\n\r\n<h2 class=\"wp-block-heading\">Contenu int\u00e9gr\u00e9 provenant d&#039;autres sites Web<\/h2>\r\n\r\n\r\n\r\n<p>Les articles de ce site peuvent inclure du contenu int\u00e9gr\u00e9 (par exemple, des vid\u00e9os, des images, des articles, etc.). Le contenu int\u00e9gr\u00e9 provenant d&#039;autres sites web se comporte exactement de la m\u00eame mani\u00e8re que si le visiteur se rendait sur cet autre site.<\/p>\r\n\r\n\r\n\r\n<p>Ces sites Web peuvent collecter des donn\u00e9es vous concernant, utiliser des cookies, int\u00e9grer un suivi tiers suppl\u00e9mentaire et surveiller votre interaction avec ce contenu int\u00e9gr\u00e9, y compris le suivi de votre interaction avec le contenu int\u00e9gr\u00e9 si vous avez un compte et \u00eates connect\u00e9 \u00e0 ce site Web.<\/p>\r\n\r\n\r\n\r\n\r\n\r\n<h2 class=\"wp-block-heading\">Combien de temps conservons-nous vos donn\u00e9es<\/h2>\r\n\r\n\r\n\r\n<p>Si vous laissez un commentaire, celui-ci et ses m\u00e9tadonn\u00e9es sont conserv\u00e9s ind\u00e9finiment. Cela nous permet de reconna\u00eetre et d&#039;approuver automatiquement les commentaires suivants, au lieu de les laisser dans la file de mod\u00e9ration.<\/p>\r\n\r\n\r\n\r\n<p>Pour les utilisateurs qui s&#039;inscrivent sur notre site web (le cas \u00e9ch\u00e9ant), nous stockons \u00e9galement les informations personnelles qu&#039;ils fournissent dans leur profil. Tous les utilisateurs peuvent consulter, modifier ou supprimer leurs informations personnelles \u00e0 tout moment (\u00e0 l&#039;exception de leur nom d&#039;utilisateur). Les administrateurs du site web peuvent \u00e9galement consulter et modifier ces informations.<\/p>\r\n\r\n\r\n\r\n<h2 class=\"wp-block-heading\">Quels droits avez-vous sur vos donn\u00e9es<\/h2>\r\n\r\n\r\n\r\n<p>Si vous avez un compte sur ce site ou si vous avez laiss\u00e9 des commentaires, vous pouvez demander \u00e0 recevoir un fichier contenant toutes les donn\u00e9es personnelles que nous d\u00e9tenons \u00e0 votre sujet, y compris celles que vous nous avez fournies. Vous pouvez \u00e9galement demander la suppression de toutes les donn\u00e9es personnelles vous concernant. Cela ne prend pas en compte les donn\u00e9es que nous sommes tenus de conserver \u00e0 des fins administratives, l\u00e9gales ou de s\u00e9curit\u00e9.<\/p>\r\n\r\n\r\n\r\n<h2 class=\"wp-block-heading\">O\u00f9 vos donn\u00e9es sont envoy\u00e9es<\/h2>\r\n\r\n\r\n\r\n<p>Les commentaires des visiteurs peuvent \u00eatre v\u00e9rifi\u00e9s via un service automatis\u00e9 de d\u00e9tection de spam.<\/p>\r\n\r\n<p>&nbsp;<\/p>","protected":false},"excerpt":{"rendered":"<p>Who we are Our website address is: http:\/\/houseofcandy.fun. Comments When visitors leave comments on the site we collect the data [&hellip;]<\/p>","protected":false},"author":1,"featured_media":0,"parent":0,"menu_order":0,"comment_status":"closed","ping_status":"closed","template":"","meta":{"site-sidebar-layout":"default","site-content-layout":"","ast-site-content-layout":"default","site-content-style":"default","site-sidebar-style":"default","ast-global-header-display":"","ast-banner-title-visibility":"","ast-main-header-display":"","ast-hfb-above-header-display":"","ast-hfb-below-header-display":"","ast-hfb-mobile-header-display":"","site-post-title":"","ast-breadcrumbs-content":"","ast-featured-img":"","footer-sml-layout":"","theme-transparent-header-meta":"default","adv-header-id-meta":"","stick-header-meta":"","header-above-stick-meta":"","header-main-stick-meta":"","header-below-stick-meta":"","astra-migrate-meta-layouts":"set","ast-page-background-enabled":"default","ast-page-background-meta":{"desktop":{"background-color":"var(--ast-global-color-4)","background-image":"","background-repeat":"repeat","background-position":"center center","background-size":"auto","background-attachment":"scroll","background-type":"","background-media":"","overlay-type":"","overlay-color":"","overlay-opacity":"","overlay-gradient":""},"tablet":{"background-color":"","background-image":"","background-repeat":"repeat","background-position":"center center","background-size":"auto","background-attachment":"scroll","background-type":"","background-media":"","overlay-type":"","overlay-color":"","overlay-opacity":"","overlay-gradient":""},"mobile":{"background-color":"","background-image":"","background-repeat":"repeat","background-position":"center center","background-size":"auto","background-attachment":"scroll","background-type":"","background-media":"","overlay-type":"","overlay-color":"","overlay-opacity":"","overlay-gradient":""}},"ast-content-background-meta":{"desktop":{"background-color":"var(--ast-global-color-5)","background-image":"","background-repeat":"repeat","background-position":"center center","background-size":"auto","background-attachment":"scroll","background-type":"","background-media":"","overlay-type":"","overlay-color":"","overlay-opacity":"","overlay-gradient":""},"tablet":{"background-color":"var(--ast-global-color-5)","background-image":"","background-repeat":"repeat","background-position":"center center","background-size":"auto","background-attachment":"scroll","background-type":"","background-media":"","overlay-type":"","overlay-color":"","overlay-opacity":"","overlay-gradient":""},"mobile":{"background-color":"var(--ast-global-color-5)","background-image":"","background-repeat":"repeat","background-position":"center center","background-size":"auto","background-attachment":"scroll","background-type":"","background-media":"","overlay-type":"","overlay-color":"","overlay-opacity":"","overlay-gradient":""}},"footnotes":""},"class_list":["post-3","page","type-page","status-publish","hentry"],"acf":[],"yoast_head":"<!-- This site is optimized with the Yoast SEO plugin v26.1.1 - https:\/\/yoast.com\/wordpress\/plugins\/seo\/ -->\n<title>Privacy Policy - House Of Candy<\/title>\n<meta name=\"robots\" content=\"index, follow, max-snippet:-1, max-image-preview:large, max-video-preview:-1\" \/>\n<link rel=\"canonical\" href=\"https:\/\/houseofcandy.fun\/fr\/privacy-policy\/\" \/>\n<meta property=\"og:locale\" content=\"fr_FR\" \/>\n<meta property=\"og:type\" content=\"article\" \/>\n<meta property=\"og:title\" content=\"Privacy Policy - House Of Candy\" \/>\n<meta property=\"og:description\" content=\"Who we are Our website address is: http:\/\/houseofcandy.fun. Comments When visitors leave comments on the site we collect the data [&hellip;]\" \/>\n<meta property=\"og:url\" content=\"https:\/\/houseofcandy.fun\/fr\/privacy-policy\/\" \/>\n<meta property=\"og:site_name\" content=\"House Of Candy\" \/>\n<meta property=\"article:modified_time\" content=\"2025-06-27T09:41:15+00:00\" \/>\n<meta name=\"twitter:card\" content=\"summary_large_image\" \/>\n<meta name=\"twitter:label1\" content=\"Dur\u00e9e de lecture estim\u00e9e\" \/>\n\t<meta name=\"twitter:data1\" content=\"2 minutes\" \/>\n<script type=\"application\/ld+json\" class=\"yoast-schema-graph\">{\"@context\":\"https:\/\/schema.org\",\"@graph\":[{\"@type\":\"WebPage\",\"@id\":\"https:\/\/houseofcandy.fun\/privacy-policy\/\",\"url\":\"https:\/\/houseofcandy.fun\/privacy-policy\/\",\"name\":\"Privacy Policy - House Of Candy\",\"isPartOf\":{\"@id\":\"https:\/\/houseofcandy.fun\/#website\"},\"datePublished\":\"2024-12-12T16:29:18+00:00\",\"dateModified\":\"2025-06-27T09:41:15+00:00\",\"breadcrumb\":{\"@id\":\"https:\/\/houseofcandy.fun\/privacy-policy\/#breadcrumb\"},\"inLanguage\":\"fr-FR\",\"potentialAction\":[{\"@type\":\"ReadAction\",\"target\":[\"https:\/\/houseofcandy.fun\/privacy-policy\/\"]}]},{\"@type\":\"BreadcrumbList\",\"@id\":\"https:\/\/houseofcandy.fun\/privacy-policy\/#breadcrumb\",\"itemListElement\":[{\"@type\":\"ListItem\",\"position\":1,\"name\":\"Home\",\"item\":\"https:\/\/houseofcandy.fun\/\"},{\"@type\":\"ListItem\",\"position\":2,\"name\":\"Privacy Policy\"}]},{\"@type\":\"WebSite\",\"@id\":\"https:\/\/houseofcandy.fun\/#website\",\"url\":\"https:\/\/houseofcandy.fun\/\",\"name\":\"House Of Candy\",\"description\":\"\",\"publisher\":{\"@id\":\"https:\/\/houseofcandy.fun\/#organization\"},\"potentialAction\":[{\"@type\":\"SearchAction\",\"target\":{\"@type\":\"EntryPoint\",\"urlTemplate\":\"https:\/\/houseofcandy.fun\/?s={search_term_string}\"},\"query-input\":{\"@type\":\"PropertyValueSpecification\",\"valueRequired\":true,\"valueName\":\"search_term_string\"}}],\"inLanguage\":\"fr-FR\"},{\"@type\":\"Organization\",\"@id\":\"https:\/\/houseofcandy.fun\/#organization\",\"name\":\"House Of Candy\",\"url\":\"https:\/\/houseofcandy.fun\/\",\"logo\":{\"@type\":\"ImageObject\",\"inLanguage\":\"fr-FR\",\"@id\":\"https:\/\/houseofcandy.fun\/#\/schema\/logo\/image\/\",\"url\":\"https:\/\/houseofcandy.fun\/wp-content\/uploads\/2024\/12\/main-logo-pink-claim.png\",\"contentUrl\":\"https:\/\/houseofcandy.fun\/wp-content\/uploads\/2024\/12\/main-logo-pink-claim.png\",\"width\":1029,\"height\":703,\"caption\":\"House Of Candy\"},\"image\":{\"@id\":\"https:\/\/houseofcandy.fun\/#\/schema\/logo\/image\/\"}}]}<\/script>\n<!-- \/ Yoast SEO plugin. -->","yoast_head_json":{"title":"Privacy Policy - House Of Candy","robots":{"index":"index","follow":"follow","max-snippet":"max-snippet:-1","max-image-preview":"max-image-preview:large","max-video-preview":"max-video-preview:-1"},"canonical":"https:\/\/houseofcandy.fun\/fr\/privacy-policy\/","og_locale":"fr_FR","og_type":"article","og_title":"Privacy Policy - House Of Candy","og_description":"Who we are Our website address is: http:\/\/houseofcandy.fun. Comments When visitors leave comments on the site we collect the data [&hellip;]","og_url":"https:\/\/houseofcandy.fun\/fr\/privacy-policy\/","og_site_name":"House Of Candy","article_modified_time":"2025-06-27T09:41:15+00:00","twitter_card":"summary_large_image","twitter_misc":{"Dur\u00e9e de lecture estim\u00e9e":"2 minutes"},"schema":{"@context":"https:\/\/schema.org","@graph":[{"@type":"WebPage","@id":"https:\/\/houseofcandy.fun\/privacy-policy\/","url":"https:\/\/houseofcandy.fun\/privacy-policy\/","name":"Privacy Policy - House Of Candy","isPartOf":{"@id":"https:\/\/houseofcandy.fun\/#website"},"datePublished":"2024-12-12T16:29:18+00:00","dateModified":"2025-06-27T09:41:15+00:00","breadcrumb":{"@id":"https:\/\/houseofcandy.fun\/privacy-policy\/#breadcrumb"},"inLanguage":"fr-FR","potentialAction":[{"@type":"ReadAction","target":["https:\/\/houseofcandy.fun\/privacy-policy\/"]}]},{"@type":"BreadcrumbList","@id":"https:\/\/houseofcandy.fun\/privacy-policy\/#breadcrumb","itemListElement":[{"@type":"ListItem","position":1,"name":"Home","item":"https:\/\/houseofcandy.fun\/"},{"@type":"ListItem","position":2,"name":"Privacy Policy"}]},{"@type":"WebSite","@id":"https:\/\/houseofcandy.fun\/#website","url":"https:\/\/houseofcandy.fun\/","name":"Maison de bonbons","description":"","publisher":{"@id":"https:\/\/houseofcandy.fun\/#organization"},"potentialAction":[{"@type":"SearchAction","target":{"@type":"EntryPoint","urlTemplate":"https:\/\/houseofcandy.fun\/?s={search_term_string}"},"query-input":{"@type":"PropertyValueSpecification","valueRequired":true,"valueName":"search_term_string"}}],"inLanguage":"fr-FR"},{"@type":"Organization","@id":"https:\/\/houseofcandy.fun\/#organization","name":"Maison de bonbons","url":"https:\/\/houseofcandy.fun\/","logo":{"@type":"ImageObject","inLanguage":"fr-FR","@id":"https:\/\/houseofcandy.fun\/#\/schema\/logo\/image\/","url":"https:\/\/houseofcandy.fun\/wp-content\/uploads\/2024\/12\/main-logo-pink-claim.png","contentUrl":"https:\/\/houseofcandy.fun\/wp-content\/uploads\/2024\/12\/main-logo-pink-claim.png","width":1029,"height":703,"caption":"House Of Candy"},"image":{"@id":"https:\/\/houseofcandy.fun\/#\/schema\/logo\/image\/"}}]}},"_links":{"self":[{"href":"https:\/\/houseofcandy.fun\/fr\/wp-json\/wp\/v2\/pages\/3","targetHints":{"allow":["GET"]}}],"collection":[{"href":"https:\/\/houseofcandy.fun\/fr\/wp-json\/wp\/v2\/pages"}],"about":[{"href":"https:\/\/houseofcandy.fun\/fr\/wp-json\/wp\/v2\/types\/page"}],"author":[{"embeddable":true,"href":"https:\/\/houseofcandy.fun\/fr\/wp-json\/wp\/v2\/users\/1"}],"replies":[{"embeddable":true,"href":"https:\/\/houseofcandy.fun\/fr\/wp-json\/wp\/v2\/comments?post=3"}],"version-history":[{"count":3,"href":"https:\/\/houseofcandy.fun\/fr\/wp-json\/wp\/v2\/pages\/3\/revisions"}],"predecessor-version":[{"id":1440,"href":"https:\/\/houseofcandy.fun\/fr\/wp-json\/wp\/v2\/pages\/3\/revisions\/1440"}],"wp:attachment":[{"href":"https:\/\/houseofcandy.fun\/fr\/wp-json\/wp\/v2\/media?parent=3"}],"curies":[{"name":"wp","href":"https:\/\/api.w.org\/{rel}","templated":true}]}}