{"id":2716,"date":"2026-02-18T09:40:16","date_gmt":"2026-02-18T09:40:16","guid":{"rendered":"https:\/\/houseofcandy.fun\/?page_id=2716"},"modified":"2026-03-04T10:07:16","modified_gmt":"2026-03-04T10:07:16","slug":"partners","status":"publish","type":"page","link":"https:\/\/houseofcandy.fun\/de\/partners\/","title":{"rendered":"Partner"},"content":{"rendered":"<div data-elementor-type=\"wp-page\" data-elementor-id=\"2716\" class=\"elementor elementor-2716\" data-elementor-post-type=\"page\">\n\t\t\t\t<div class=\"elementor-element elementor-element-aeaba0d e-con-full e-flex e-con e-parent\" data-id=\"aeaba0d\" data-element_type=\"container\" data-settings=\"{&quot;background_background&quot;:&quot;classic&quot;}\">\n\t\t<div class=\"elementor-element elementor-element-cb79992 e-con-full e-flex e-con e-child\" data-id=\"cb79992\" data-element_type=\"container\">\n\t\t\t\t<div class=\"elementor-element elementor-element-e26b188 elementor-widget__width-initial elementor-widget elementor-widget-heading\" data-id=\"e26b188\" data-element_type=\"widget\" data-widget_type=\"heading.default\">\n\t\t\t\t<div class=\"elementor-widget-container\">\n\t\t\t\t\t<h2 class=\"elementor-heading-title elementor-size-default\">Partner<\/h2>\t\t\t\t<\/div>\n\t\t\t\t<\/div>\n\t\t\t\t<div class=\"elementor-element elementor-element-d2a6748 elementor-widget__width-initial elementor-widget elementor-widget-text-editor\" data-id=\"d2a6748\" data-element_type=\"widget\" data-widget_type=\"text-editor.default\">\n\t\t\t\t<div class=\"elementor-widget-container\">\n\t\t\t\t\t\t\t\t\t<p data-start=\"13\" data-end=\"68\">In <strong data-start=\"16\" data-end=\"34\">Haus der S\u00fc\u00dfigkeiten<\/strong> Wir glauben, dass Magie dazu da ist, geteilt zu werden.<\/p><p data-start=\"70\" data-end=\"281\">Genauso wie wir die Kraft einer kleinen Leckerei feiern, einen Moment zu ver\u00e4ndern, feiern wir auch die Marken, Kreativen und Partner, die unsere Vision teilen: das Leben s\u00fc\u00dfer, bunter und unterhaltsamer zu machen.<\/p><p data-start=\"283\" data-end=\"503\">Unsere Partner arbeiten nicht nur mit uns zusammen; sie sind Teil des Erlebnisses. Gemeinsam schaffen wir R\u00e4ume, Produkte und Momente, die Freude bereiten, zum Spielen anregen und den Alltag in etwas Au\u00dfergew\u00f6hnliches verwandeln.<\/p>\t\t\t\t\t\t\t\t<\/div>\n\t\t\t\t<\/div>\n\t\t\t\t<\/div>\n\t\t<div class=\"elementor-element elementor-element-3b1e247 e-con-full e-flex e-con e-child\" data-id=\"3b1e247\" data-element_type=\"container\" data-settings=\"{&quot;background_background&quot;:&quot;classic&quot;}\">\n\t\t\t\t<\/div>\n\t\t\t\t<\/div>\n\t\t<div class=\"elementor-element elementor-element-55e4052 e-con-full e-flex e-con e-parent\" data-id=\"55e4052\" data-element_type=\"container\" data-settings=\"{&quot;background_background&quot;:&quot;classic&quot;}\">\n\t\t\t\t<div class=\"elementor-element elementor-element-737e490 elementor-widget__width-inherit elementor-grid-3 elementor-grid-tablet-2 elementor-grid-mobile-1 elementor-widget elementor-widget-loop-grid\" data-id=\"737e490\" data-element_type=\"widget\" data-settings=\"{&quot;template_id&quot;:2717,&quot;_skin&quot;:&quot;post&quot;,&quot;columns&quot;:&quot;3&quot;,&quot;columns_tablet&quot;:&quot;2&quot;,&quot;columns_mobile&quot;:&quot;1&quot;,&quot;edit_handle_selector&quot;:&quot;[data-elementor-type=\\&quot;loop-item\\&quot;]&quot;,&quot;row_gap&quot;:{&quot;unit&quot;:&quot;px&quot;,&quot;size&quot;:&quot;&quot;,&quot;sizes&quot;:[]},&quot;row_gap_tablet&quot;:{&quot;unit&quot;:&quot;px&quot;,&quot;size&quot;:&quot;&quot;,&quot;sizes&quot;:[]},&quot;row_gap_mobile&quot;:{&quot;unit&quot;:&quot;px&quot;,&quot;size&quot;:&quot;&quot;,&quot;sizes&quot;:[]}}\" data-widget_type=\"loop-grid.post\">\n\t\t\t\t<div class=\"elementor-widget-container\">\n\t\t\t\t\t\t\t<div class=\"elementor-loop-container elementor-grid\">\n\t\t<style id=\"loop-2717\">.elementor-2717 .elementor-element.elementor-element-526bb32{--display:flex;--flex-direction:column;--container-widget-width:100%;--container-widget-height:initial;--container-widget-flex-grow:0;--container-widget-align-self:initial;--flex-wrap-mobile:wrap;}.elementor-2717 .elementor-element.elementor-element-d13a8c0{--display:flex;--min-height:27vw;--overlay-opacity:0.5;--padding-top:0px;--padding-bottom:0px;--padding-left:0px;--padding-right:0px;}.elementor-2717 .elementor-element.elementor-element-d13a8c0::before, .elementor-2717 .elementor-element.elementor-element-d13a8c0 > .elementor-background-video-container::before, .elementor-2717 .elementor-element.elementor-element-d13a8c0 > .e-con-inner > .elementor-background-video-container::before, .elementor-2717 .elementor-element.elementor-element-d13a8c0 > .elementor-background-slideshow::before, .elementor-2717 .elementor-element.elementor-element-d13a8c0 > .e-con-inner > .elementor-background-slideshow::before, .elementor-2717 .elementor-element.elementor-element-d13a8c0 > .elementor-motion-effects-container > .elementor-motion-effects-layer::before{--background-overlay:'';}.elementor-widget-image .widget-image-caption{color:var( --e-global-color-text );font-family:var( --e-global-typography-text-font-family ), Sans-serif;font-size:var( --e-global-typography-text-font-size );font-weight:var( --e-global-typography-text-font-weight );line-height:var( --e-global-typography-text-line-height );}.elementor-2717 .elementor-element.elementor-element-9d084e7 img{width:100%;height:100%;object-fit:cover;object-position:center center;}@media(max-width:1024px){.elementor-widget-image .widget-image-caption{font-size:var( --e-global-typography-text-font-size );line-height:var( --e-global-typography-text-line-height );}}@media(max-width:767px){.elementor-widget-image .widget-image-caption{font-size:var( --e-global-typography-text-font-size );line-height:var( --e-global-typography-text-line-height );}}<\/style>\t\t<div data-elementor-type=\"loop-item\" data-elementor-id=\"2717\" class=\"elementor elementor-2717 e-loop-item e-loop-item-2711 post-2711 partner type-partner status-publish hentry\" data-elementor-post-type=\"elementor_library\" data-custom-edit-handle=\"1\">\n\t\t\t<div class=\"elementor-element elementor-element-526bb32 e-flex e-con-boxed e-con e-parent\" data-id=\"526bb32\" data-element_type=\"container\">\n\t\t\t\t\t<div class=\"e-con-inner\">\n\t\t<a class=\"elementor-element elementor-element-d13a8c0 e-con-full e-flex e-con e-child\" data-id=\"d13a8c0\" data-element_type=\"container\" data-settings=\"{&quot;background_background&quot;:&quot;classic&quot;}\" href=\"https:\/\/houseofcandy.fun\/de\/partner\/tiny-cottons\/\">\n\t\t\t\t<div class=\"elementor-element elementor-element-9d084e7 elementor-widget elementor-widget-image\" data-id=\"9d084e7\" data-element_type=\"widget\" data-widget_type=\"image.default\">\n\t\t\t\t<div class=\"elementor-widget-container\">\n\t\t\t\t\t\t\t\t\t\t\t\t\t\t\t\t<a href=\"https:\/\/houseofcandy.fun\/de\/partner\/tiny-cottons\/\">\n\t\t\t\t\t\t\t<img fetchpriority=\"high\" decoding=\"async\" width=\"821\" height=\"821\" src=\"https:\/\/houseofcandy.fun\/wp-content\/uploads\/2026\/02\/358684810_216671644679431_8864136470627289821_n.jpg\" class=\"attachment-large size-large wp-image-2715\" alt=\"\" srcset=\"https:\/\/houseofcandy.fun\/wp-content\/uploads\/2026\/02\/358684810_216671644679431_8864136470627289821_n.jpg 821w, https:\/\/houseofcandy.fun\/wp-content\/uploads\/2026\/02\/358684810_216671644679431_8864136470627289821_n-300x300.jpg 300w, https:\/\/houseofcandy.fun\/wp-content\/uploads\/2026\/02\/358684810_216671644679431_8864136470627289821_n-150x150.jpg 150w, https:\/\/houseofcandy.fun\/wp-content\/uploads\/2026\/02\/358684810_216671644679431_8864136470627289821_n-768x768.jpg 768w, https:\/\/houseofcandy.fun\/wp-content\/uploads\/2026\/02\/358684810_216671644679431_8864136470627289821_n-12x12.jpg 12w\" sizes=\"(max-width: 821px) 100vw, 821px\" \/>\t\t\t\t\t\t\t\t<\/a>\n\t\t\t\t\t\t\t\t\t\t\t\t\t\t\t<\/div>\n\t\t\t\t<\/div>\n\t\t\t\t<\/a>\n\t\t\t\t\t<\/div>\n\t\t\t\t<\/div>\n\t\t\t\t<\/div>\n\t\t\t\t<\/div>\n\t\t\n\t\t\t\t\t\t<\/div>\n\t\t\t\t<\/div>\n\t\t\t\t<\/div>\n\t\t<div class=\"elementor-element elementor-element-1e5364e e-con-full e-flex e-con e-parent\" data-id=\"1e5364e\" data-element_type=\"container\">\n\t\t\t\t<div class=\"elementor-element elementor-element-252993c elementor-widget elementor-widget-gallery\" data-id=\"252993c\" data-element_type=\"widget\" data-settings=\"{&quot;columns_mobile&quot;:2,&quot;gap&quot;:{&quot;unit&quot;:&quot;px&quot;,&quot;size&quot;:0,&quot;sizes&quot;:[]},&quot;gap_tablet&quot;:{&quot;unit&quot;:&quot;px&quot;,&quot;size&quot;:0,&quot;sizes&quot;:[]},&quot;gap_mobile&quot;:{&quot;unit&quot;:&quot;px&quot;,&quot;size&quot;:0,&quot;sizes&quot;:[]},&quot;gallery_layout&quot;:&quot;grid&quot;,&quot;columns&quot;:4,&quot;columns_tablet&quot;:2,&quot;aspect_ratio&quot;:&quot;3:2&quot;,&quot;overlay_background&quot;:&quot;yes&quot;,&quot;content_hover_animation&quot;:&quot;fade-in&quot;}\" data-widget_type=\"gallery.default\">\n\t\t\t\t<div class=\"elementor-widget-container\">\n\t\t\t\t\t\t\t<div class=\"elementor-gallery__container\">\n\t\t\t\t\t\t\t<div class=\"e-gallery-item elementor-gallery-item elementor-animated-content\">\n\t\t\t\t\t<div class=\"e-gallery-image elementor-gallery-item__image\" data-thumbnail=\"https:\/\/houseofcandy.fun\/wp-content\/uploads\/2025\/06\/DSC00999-en-tamano-grande-768x512.jpeg\" data-width=\"768\" data-height=\"512\" aria-label=\"\" role=\"img\" ><\/div>\n\t\t\t\t\t\t\t\t\t\t\t<div class=\"elementor-gallery-item__overlay\"><\/div>\n\t\t\t\t\t\t\t\t\t\t\t\t\t\t<\/div>\n\t\t\t\t\t\t\t<div class=\"e-gallery-item elementor-gallery-item elementor-animated-content\">\n\t\t\t\t\t<div class=\"e-gallery-image elementor-gallery-item__image\" data-thumbnail=\"https:\/\/houseofcandy.fun\/wp-content\/uploads\/2025\/06\/DSC00283-en-tamano-grande-768x577.jpeg\" data-width=\"768\" data-height=\"577\" aria-label=\"\" role=\"img\" ><\/div>\n\t\t\t\t\t\t\t\t\t\t\t<div class=\"elementor-gallery-item__overlay\"><\/div>\n\t\t\t\t\t\t\t\t\t\t\t\t\t\t<\/div>\n\t\t\t\t\t\t\t<div class=\"e-gallery-item elementor-gallery-item elementor-animated-content\">\n\t\t\t\t\t<div class=\"e-gallery-image elementor-gallery-item__image\" data-thumbnail=\"https:\/\/houseofcandy.fun\/wp-content\/uploads\/2025\/06\/Copy-of-HOC-FAMILY0903-2-en-tamano-grande-768x577.jpeg\" data-width=\"768\" data-height=\"577\" aria-label=\"\" role=\"img\" ><\/div>\n\t\t\t\t\t\t\t\t\t\t\t<div class=\"elementor-gallery-item__overlay\"><\/div>\n\t\t\t\t\t\t\t\t\t\t\t\t\t\t<\/div>\n\t\t\t\t\t\t\t<div class=\"e-gallery-item elementor-gallery-item elementor-animated-content\">\n\t\t\t\t\t<div class=\"e-gallery-image elementor-gallery-item__image\" data-thumbnail=\"https:\/\/houseofcandy.fun\/wp-content\/uploads\/2025\/06\/Copy-of-DSC00982-en-tamano-grande-768x512.jpeg\" data-width=\"768\" data-height=\"512\" aria-label=\"\" role=\"img\" ><\/div>\n\t\t\t\t\t\t\t\t\t\t\t<div class=\"elementor-gallery-item__overlay\"><\/div>\n\t\t\t\t\t\t\t\t\t\t\t\t\t\t<\/div>\n\t\t\t\t\t\t\t<div class=\"e-gallery-item elementor-gallery-item elementor-animated-content\">\n\t\t\t\t\t<div class=\"e-gallery-image elementor-gallery-item__image\" data-thumbnail=\"https:\/\/houseofcandy.fun\/wp-content\/uploads\/2025\/06\/Copy-of-DSC00937-en-tamano-grande-768x512.jpeg\" data-width=\"768\" data-height=\"512\" aria-label=\"\" role=\"img\" ><\/div>\n\t\t\t\t\t\t\t\t\t\t\t<div class=\"elementor-gallery-item__overlay\"><\/div>\n\t\t\t\t\t\t\t\t\t\t\t\t\t\t<\/div>\n\t\t\t\t\t\t\t<div class=\"e-gallery-item elementor-gallery-item elementor-animated-content\">\n\t\t\t\t\t<div class=\"e-gallery-image elementor-gallery-item__image\" data-thumbnail=\"https:\/\/houseofcandy.fun\/wp-content\/uploads\/2025\/06\/Copy-of-DSC00705-en-tamano-grande-768x512.jpeg\" data-width=\"768\" data-height=\"512\" aria-label=\"\" role=\"img\" ><\/div>\n\t\t\t\t\t\t\t\t\t\t\t<div class=\"elementor-gallery-item__overlay\"><\/div>\n\t\t\t\t\t\t\t\t\t\t\t\t\t\t<\/div>\n\t\t\t\t\t\t\t<div class=\"e-gallery-item elementor-gallery-item elementor-animated-content\">\n\t\t\t\t\t<div class=\"e-gallery-image elementor-gallery-item__image\" data-thumbnail=\"https:\/\/houseofcandy.fun\/wp-content\/uploads\/2025\/06\/Copy-of-DSC00688-en-tamano-grande-768x512.jpeg\" data-width=\"768\" data-height=\"512\" aria-label=\"\" role=\"img\" ><\/div>\n\t\t\t\t\t\t\t\t\t\t\t<div class=\"elementor-gallery-item__overlay\"><\/div>\n\t\t\t\t\t\t\t\t\t\t\t\t\t\t<\/div>\n\t\t\t\t\t\t\t<div class=\"e-gallery-item elementor-gallery-item elementor-animated-content\">\n\t\t\t\t\t<div class=\"e-gallery-image elementor-gallery-item__image\" data-thumbnail=\"https:\/\/houseofcandy.fun\/wp-content\/uploads\/2025\/06\/Copy-of-DSC00637-2-en-tamano-grande-768x809.jpeg\" data-width=\"768\" data-height=\"809\" aria-label=\"\" role=\"img\" ><\/div>\n\t\t\t\t\t\t\t\t\t\t\t<div class=\"elementor-gallery-item__overlay\"><\/div>\n\t\t\t\t\t\t\t\t\t\t\t\t\t\t<\/div>\n\t\t\t\t\t\t\t<div class=\"e-gallery-item elementor-gallery-item elementor-animated-content\">\n\t\t\t\t\t<div class=\"e-gallery-image elementor-gallery-item__image\" data-thumbnail=\"https:\/\/houseofcandy.fun\/wp-content\/uploads\/2025\/06\/Copy-of-DSC00633-en-tamano-grande-768x512.jpeg\" data-width=\"768\" data-height=\"512\" aria-label=\"\" role=\"img\" ><\/div>\n\t\t\t\t\t\t\t\t\t\t\t<div class=\"elementor-gallery-item__overlay\"><\/div>\n\t\t\t\t\t\t\t\t\t\t\t\t\t\t<\/div>\n\t\t\t\t\t\t\t<div class=\"e-gallery-item elementor-gallery-item elementor-animated-content\">\n\t\t\t\t\t<div class=\"e-gallery-image elementor-gallery-item__image\" data-thumbnail=\"https:\/\/houseofcandy.fun\/wp-content\/uploads\/2025\/06\/Copy-of-DSC00599-Edit-en-tamano-grande-768x512.jpeg\" data-width=\"768\" data-height=\"512\" aria-label=\"\" role=\"img\" ><\/div>\n\t\t\t\t\t\t\t\t\t\t\t<div class=\"elementor-gallery-item__overlay\"><\/div>\n\t\t\t\t\t\t\t\t\t\t\t\t\t\t<\/div>\n\t\t\t\t\t\t\t<div class=\"e-gallery-item elementor-gallery-item elementor-animated-content\">\n\t\t\t\t\t<div class=\"e-gallery-image elementor-gallery-item__image\" data-thumbnail=\"https:\/\/houseofcandy.fun\/wp-content\/uploads\/2025\/06\/Copy-of-DSC00567-en-tamano-grande-768x577.jpeg\" data-width=\"768\" data-height=\"577\" aria-label=\"\" role=\"img\" ><\/div>\n\t\t\t\t\t\t\t\t\t\t\t<div class=\"elementor-gallery-item__overlay\"><\/div>\n\t\t\t\t\t\t\t\t\t\t\t\t\t\t<\/div>\n\t\t\t\t\t\t\t<div class=\"e-gallery-item elementor-gallery-item elementor-animated-content\">\n\t\t\t\t\t<div class=\"e-gallery-image elementor-gallery-item__image\" data-thumbnail=\"https:\/\/houseofcandy.fun\/wp-content\/uploads\/2025\/06\/Copy-of-DSC00496-Edit-en-tamano-grande-768x577.jpeg\" data-width=\"768\" data-height=\"577\" aria-label=\"\" role=\"img\" ><\/div>\n\t\t\t\t\t\t\t\t\t\t\t<div class=\"elementor-gallery-item__overlay\"><\/div>\n\t\t\t\t\t\t\t\t\t\t\t\t\t\t<\/div>\n\t\t\t\t\t<\/div>\n\t\t\t\t\t<\/div>\n\t\t\t\t<\/div>\n\t\t\t\t<\/div>\n\t\t\t\t<\/div>","protected":false},"excerpt":{"rendered":"<p>Partners En House of Candy creemos que la magia se comparte. As\u00ed como celebramos el poder de una golosina para [&hellip;]<\/p>","protected":false},"author":1,"featured_media":0,"parent":0,"menu_order":0,"comment_status":"closed","ping_status":"closed","template":"","meta":{"site-sidebar-layout":"no-sidebar","site-content-layout":"","ast-site-content-layout":"full-width-container","site-content-style":"default","site-sidebar-style":"default","ast-global-header-display":"","ast-banner-title-visibility":"","ast-main-header-display":"","ast-hfb-above-header-display":"","ast-hfb-below-header-display":"","ast-hfb-mobile-header-display":"","site-post-title":"disabled","ast-breadcrumbs-content":"","ast-featured-img":"disabled","footer-sml-layout":"","theme-transparent-header-meta":"","adv-header-id-meta":"","stick-header-meta":"","header-above-stick-meta":"","header-main-stick-meta":"","header-below-stick-meta":"","astra-migrate-meta-layouts":"default","ast-page-background-enabled":"default","ast-page-background-meta":{"desktop":{"background-color":"var(--ast-global-color-4)","background-image":"","background-repeat":"repeat","background-position":"center center","background-size":"auto","background-attachment":"scroll","background-type":"","background-media":"","overlay-type":"","overlay-color":"","overlay-opacity":"","overlay-gradient":""},"tablet":{"background-color":"","background-image":"","background-repeat":"repeat","background-position":"center center","background-size":"auto","background-attachment":"scroll","background-type":"","background-media":"","overlay-type":"","overlay-color":"","overlay-opacity":"","overlay-gradient":""},"mobile":{"background-color":"","background-image":"","background-repeat":"repeat","background-position":"center center","background-size":"auto","background-attachment":"scroll","background-type":"","background-media":"","overlay-type":"","overlay-color":"","overlay-opacity":"","overlay-gradient":""}},"ast-content-background-meta":{"desktop":{"background-color":"var(--ast-global-color-5)","background-image":"","background-repeat":"repeat","background-position":"center center","background-size":"auto","background-attachment":"scroll","background-type":"","background-media":"","overlay-type":"","overlay-color":"","overlay-opacity":"","overlay-gradient":""},"tablet":{"background-color":"var(--ast-global-color-5)","background-image":"","background-repeat":"repeat","background-position":"center center","background-size":"auto","background-attachment":"scroll","background-type":"","background-media":"","overlay-type":"","overlay-color":"","overlay-opacity":"","overlay-gradient":""},"mobile":{"background-color":"var(--ast-global-color-5)","background-image":"","background-repeat":"repeat","background-position":"center center","background-size":"auto","background-attachment":"scroll","background-type":"","background-media":"","overlay-type":"","overlay-color":"","overlay-opacity":"","overlay-gradient":""}},"footnotes":""},"class_list":["post-2716","page","type-page","status-publish","hentry"],"acf":[],"yoast_head":"<!-- This site is optimized with the Yoast SEO plugin v26.1.1 - https:\/\/yoast.com\/wordpress\/plugins\/seo\/ -->\n<title>Partners - House Of Candy<\/title>\n<meta name=\"robots\" content=\"index, follow, max-snippet:-1, max-image-preview:large, max-video-preview:-1\" \/>\n<link rel=\"canonical\" href=\"https:\/\/houseofcandy.fun\/de\/partners\/\" \/>\n<meta property=\"og:locale\" content=\"de_DE\" \/>\n<meta property=\"og:type\" content=\"article\" \/>\n<meta property=\"og:title\" content=\"Partners - House Of Candy\" \/>\n<meta property=\"og:description\" content=\"Partners En House of Candy creemos que la magia se comparte. As\u00ed como celebramos el poder de una golosina para [&hellip;]\" \/>\n<meta property=\"og:url\" content=\"https:\/\/houseofcandy.fun\/de\/partners\/\" \/>\n<meta property=\"og:site_name\" content=\"House Of Candy\" \/>\n<meta property=\"article:modified_time\" content=\"2026-03-04T10:07:16+00:00\" \/>\n<meta name=\"twitter:card\" content=\"summary_large_image\" \/>\n<meta name=\"twitter:label1\" content=\"Gesch\u00e4tzte Lesezeit\" \/>\n\t<meta name=\"twitter:data1\" content=\"1 minute\" \/>\n<script type=\"application\/ld+json\" class=\"yoast-schema-graph\">{\"@context\":\"https:\/\/schema.org\",\"@graph\":[{\"@type\":\"WebPage\",\"@id\":\"https:\/\/houseofcandy.fun\/partners\/\",\"url\":\"https:\/\/houseofcandy.fun\/partners\/\",\"name\":\"Partners - House Of Candy\",\"isPartOf\":{\"@id\":\"https:\/\/houseofcandy.fun\/#website\"},\"datePublished\":\"2026-02-18T09:40:16+00:00\",\"dateModified\":\"2026-03-04T10:07:16+00:00\",\"breadcrumb\":{\"@id\":\"https:\/\/houseofcandy.fun\/partners\/#breadcrumb\"},\"inLanguage\":\"de-DE\",\"potentialAction\":[{\"@type\":\"ReadAction\",\"target\":[\"https:\/\/houseofcandy.fun\/partners\/\"]}]},{\"@type\":\"BreadcrumbList\",\"@id\":\"https:\/\/houseofcandy.fun\/partners\/#breadcrumb\",\"itemListElement\":[{\"@type\":\"ListItem\",\"position\":1,\"name\":\"Home\",\"item\":\"https:\/\/houseofcandy.fun\/\"},{\"@type\":\"ListItem\",\"position\":2,\"name\":\"Partners\"}]},{\"@type\":\"WebSite\",\"@id\":\"https:\/\/houseofcandy.fun\/#website\",\"url\":\"https:\/\/houseofcandy.fun\/\",\"name\":\"House Of Candy\",\"description\":\"\",\"publisher\":{\"@id\":\"https:\/\/houseofcandy.fun\/#organization\"},\"potentialAction\":[{\"@type\":\"SearchAction\",\"target\":{\"@type\":\"EntryPoint\",\"urlTemplate\":\"https:\/\/houseofcandy.fun\/?s={search_term_string}\"},\"query-input\":{\"@type\":\"PropertyValueSpecification\",\"valueRequired\":true,\"valueName\":\"search_term_string\"}}],\"inLanguage\":\"de-DE\"},{\"@type\":\"Organization\",\"@id\":\"https:\/\/houseofcandy.fun\/#organization\",\"name\":\"House Of Candy\",\"url\":\"https:\/\/houseofcandy.fun\/\",\"logo\":{\"@type\":\"ImageObject\",\"inLanguage\":\"de-DE\",\"@id\":\"https:\/\/houseofcandy.fun\/#\/schema\/logo\/image\/\",\"url\":\"https:\/\/houseofcandy.fun\/wp-content\/uploads\/2024\/12\/main-logo-pink-claim.png\",\"contentUrl\":\"https:\/\/houseofcandy.fun\/wp-content\/uploads\/2024\/12\/main-logo-pink-claim.png\",\"width\":1029,\"height\":703,\"caption\":\"House Of Candy\"},\"image\":{\"@id\":\"https:\/\/houseofcandy.fun\/#\/schema\/logo\/image\/\"}}]}<\/script>\n<!-- \/ Yoast SEO plugin. -->","yoast_head_json":{"title":"Partners - House Of Candy","robots":{"index":"index","follow":"follow","max-snippet":"max-snippet:-1","max-image-preview":"max-image-preview:large","max-video-preview":"max-video-preview:-1"},"canonical":"https:\/\/houseofcandy.fun\/de\/partners\/","og_locale":"de_DE","og_type":"article","og_title":"Partners - House Of Candy","og_description":"Partners En House of Candy creemos que la magia se comparte. As\u00ed como celebramos el poder de una golosina para [&hellip;]","og_url":"https:\/\/houseofcandy.fun\/de\/partners\/","og_site_name":"House Of Candy","article_modified_time":"2026-03-04T10:07:16+00:00","twitter_card":"summary_large_image","twitter_misc":{"Gesch\u00e4tzte Lesezeit":"1 minute"},"schema":{"@context":"https:\/\/schema.org","@graph":[{"@type":"WebPage","@id":"https:\/\/houseofcandy.fun\/partners\/","url":"https:\/\/houseofcandy.fun\/partners\/","name":"Partners - House Of Candy","isPartOf":{"@id":"https:\/\/houseofcandy.fun\/#website"},"datePublished":"2026-02-18T09:40:16+00:00","dateModified":"2026-03-04T10:07:16+00:00","breadcrumb":{"@id":"https:\/\/houseofcandy.fun\/partners\/#breadcrumb"},"inLanguage":"de-DE","potentialAction":[{"@type":"ReadAction","target":["https:\/\/houseofcandy.fun\/partners\/"]}]},{"@type":"BreadcrumbList","@id":"https:\/\/houseofcandy.fun\/partners\/#breadcrumb","itemListElement":[{"@type":"ListItem","position":1,"name":"Home","item":"https:\/\/houseofcandy.fun\/"},{"@type":"ListItem","position":2,"name":"Partners"}]},{"@type":"WebSite","@id":"https:\/\/houseofcandy.fun\/#website","url":"https:\/\/houseofcandy.fun\/","name":"Haus der S\u00fc\u00dfigkeiten","description":"","publisher":{"@id":"https:\/\/houseofcandy.fun\/#organization"},"potentialAction":[{"@type":"SearchAction","target":{"@type":"EntryPoint","urlTemplate":"https:\/\/houseofcandy.fun\/?s={search_term_string}"},"query-input":{"@type":"PropertyValueSpecification","valueRequired":true,"valueName":"search_term_string"}}],"inLanguage":"de-DE"},{"@type":"Organization","@id":"https:\/\/houseofcandy.fun\/#organization","name":"Haus der S\u00fc\u00dfigkeiten","url":"https:\/\/houseofcandy.fun\/","logo":{"@type":"ImageObject","inLanguage":"de-DE","@id":"https:\/\/houseofcandy.fun\/#\/schema\/logo\/image\/","url":"https:\/\/houseofcandy.fun\/wp-content\/uploads\/2024\/12\/main-logo-pink-claim.png","contentUrl":"https:\/\/houseofcandy.fun\/wp-content\/uploads\/2024\/12\/main-logo-pink-claim.png","width":1029,"height":703,"caption":"House Of Candy"},"image":{"@id":"https:\/\/houseofcandy.fun\/#\/schema\/logo\/image\/"}}]}},"_links":{"self":[{"href":"https:\/\/houseofcandy.fun\/de\/wp-json\/wp\/v2\/pages\/2716","targetHints":{"allow":["GET"]}}],"collection":[{"href":"https:\/\/houseofcandy.fun\/de\/wp-json\/wp\/v2\/pages"}],"about":[{"href":"https:\/\/houseofcandy.fun\/de\/wp-json\/wp\/v2\/types\/page"}],"author":[{"embeddable":true,"href":"https:\/\/houseofcandy.fun\/de\/wp-json\/wp\/v2\/users\/1"}],"replies":[{"embeddable":true,"href":"https:\/\/houseofcandy.fun\/de\/wp-json\/wp\/v2\/comments?post=2716"}],"version-history":[{"count":9,"href":"https:\/\/houseofcandy.fun\/de\/wp-json\/wp\/v2\/pages\/2716\/revisions"}],"predecessor-version":[{"id":2782,"href":"https:\/\/houseofcandy.fun\/de\/wp-json\/wp\/v2\/pages\/2716\/revisions\/2782"}],"wp:attachment":[{"href":"https:\/\/houseofcandy.fun\/de\/wp-json\/wp\/v2\/media?parent=2716"}],"curies":[{"name":"wp","href":"https:\/\/api.w.org\/{rel}","templated":true}]}}