{"id":3,"date":"2024-12-12T16:29:18","date_gmt":"2024-12-12T16:29:18","guid":{"rendered":"http:\/\/houseofcandy.fun\/?page_id=3"},"modified":"2025-06-27T09:41:15","modified_gmt":"2025-06-27T09:41:15","slug":"privacy-policy","status":"publish","type":"page","link":"https:\/\/houseofcandy.fun\/ca\/privacy-policy\/","title":{"rendered":"Privacy Policy"},"content":{"rendered":"<h2 class=\"wp-block-heading\">Who we are<\/h2>\r\n\r\n\r\n\r\n<p>Our website address is: http:\/\/houseofcandy.fun.<\/p>\r\n\r\n\r\n\r\n<h2 class=\"wp-block-heading\">Comments<\/h2>\r\n\r\n\r\n\r\n<p>Per a visitors llegir comentaris en el lloc web de la col\u00b7lecci\u00f3 data inclouen els comentaris format, ia les visitors d&#039;IP address i navegador d&#039;usuari de l&#039;usuari string per a l&#039;\u00fas de correu de correu electr\u00f2nic.<\/p>\r\n\r\n\r\n\r\n<p>Anonymized string created from your email address (als carrers a hash) mai be provided to the Gravatar service to see if you are using it. The Gravatar service privacy policy is available here: https:\/\/automattic.com\/privacy\/. After approval of your comment, your profile picture \u00e9s visible per al p\u00fablic en el context dels comentaris.<\/p>\r\n\r\n\r\n\r\n\r\n\r\n<h2 class=\"wp-block-heading\">Cookies<\/h2>\r\n\r\n\r\n\r\n<p>If you leave a comentaris en el nostre lloc ia m\u00e9s opt-in per a la seva adre\u00e7a, correus electr\u00f2nics i website a galetes. Aquest \u00e9s el vostre conveni\u00e8ncia en qu\u00e8 el vostre no ha tingut fills en les vostres dades again when you leave another comment. These cookies will last for one year.<\/p>\r\n\r\n\r\n\r\n\r\n\r\n\r\n\r\n\r\n\r\n<h2 class=\"wp-block-heading\">Embedded content from other websites<\/h2>\r\n\r\n\r\n\r\n<p>Articles on this site mai include embedded content (eg v\u00eddeos, images, articles, etc.). Embedded content from other webs behaves in the exact same way as if the visitor has visited the other website.<\/p>\r\n\r\n\r\n\r\n<p>Aquests llocs webs collect data about you, utilitzeu galetes, embed additional third-party tracking, i monitor de la seva interacci\u00f3 s que t\u00e9 embedded content, including tracking your interaction s embedded contents if you have account and logged in to web.<\/p>\r\n\r\n\r\n\r\n\r\n\r\n<h2 class=\"wp-block-heading\">How long we retain your data<\/h2>\r\n\r\n\r\n\r\n<p>Per a llegir a les teves comentaris, la metadata \u00e9s retained indefinitely.<\/p>\r\n\r\n\r\n\r\n<p>Per a les persones que registren en el seu lloc web (per any), com a store personal d&#039;informaci\u00f3 es providen als seus usuaris. All users can see, edit, or delete les personals informatives durant l&#039;any (excepte les cannot change their username). Website administrators can also see and edit that information.<\/p>\r\n\r\n\r\n\r\n<h2 class=\"wp-block-heading\">What rights you have over your data<\/h2>\r\n\r\n\r\n\r\n<p>Si heu accedit a aquest lloc, o heu carregat m\u00e9s comentaris, heu de requerir-vos a l&#039;exportada de l&#039;import personal del vostre personal en el vostre compte, incloent-hi l&#039;any de la data i us heu fet servir. You can also request that we erase any personal data we hold about you. Aquests no s&#039;inclouen a l&#039;any 2010, que obligaran a administrar, legalment, o security purposes.<\/p>\r\n\r\n\r\n\r\n<h2 class=\"wp-block-heading\">Where your data is sent<\/h2>\r\n\r\n\r\n\r\n<p>Visitor comments mai be checked through an automated spam detection service.<\/p>\r\n\r\n<p>&nbsp;<\/p>","protected":false},"excerpt":{"rendered":"<p>Who we are Our website address is: http:\/\/houseofcandy.fun. Comments When visitors leave comments on the site we collect the data [&hellip;]<\/p>","protected":false},"author":1,"featured_media":0,"parent":0,"menu_order":0,"comment_status":"closed","ping_status":"closed","template":"","meta":{"site-sidebar-layout":"default","site-content-layout":"","ast-site-content-layout":"default","site-content-style":"default","site-sidebar-style":"default","ast-global-header-display":"","ast-banner-title-visibility":"","ast-main-header-display":"","ast-hfb-above-header-display":"","ast-hfb-below-header-display":"","ast-hfb-mobile-header-display":"","site-post-title":"","ast-breadcrumbs-content":"","ast-featured-img":"","footer-sml-layout":"","theme-transparent-header-meta":"default","adv-header-id-meta":"","stick-header-meta":"","header-above-stick-meta":"","header-main-stick-meta":"","header-below-stick-meta":"","astra-migrate-meta-layouts":"set","ast-page-background-enabled":"default","ast-page-background-meta":{"desktop":{"background-color":"var(--ast-global-color-4)","background-image":"","background-repeat":"repeat","background-position":"center center","background-size":"auto","background-attachment":"scroll","background-type":"","background-media":"","overlay-type":"","overlay-color":"","overlay-opacity":"","overlay-gradient":""},"tablet":{"background-color":"","background-image":"","background-repeat":"repeat","background-position":"center center","background-size":"auto","background-attachment":"scroll","background-type":"","background-media":"","overlay-type":"","overlay-color":"","overlay-opacity":"","overlay-gradient":""},"mobile":{"background-color":"","background-image":"","background-repeat":"repeat","background-position":"center center","background-size":"auto","background-attachment":"scroll","background-type":"","background-media":"","overlay-type":"","overlay-color":"","overlay-opacity":"","overlay-gradient":""}},"ast-content-background-meta":{"desktop":{"background-color":"var(--ast-global-color-5)","background-image":"","background-repeat":"repeat","background-position":"center center","background-size":"auto","background-attachment":"scroll","background-type":"","background-media":"","overlay-type":"","overlay-color":"","overlay-opacity":"","overlay-gradient":""},"tablet":{"background-color":"var(--ast-global-color-5)","background-image":"","background-repeat":"repeat","background-position":"center center","background-size":"auto","background-attachment":"scroll","background-type":"","background-media":"","overlay-type":"","overlay-color":"","overlay-opacity":"","overlay-gradient":""},"mobile":{"background-color":"var(--ast-global-color-5)","background-image":"","background-repeat":"repeat","background-position":"center center","background-size":"auto","background-attachment":"scroll","background-type":"","background-media":"","overlay-type":"","overlay-color":"","overlay-opacity":"","overlay-gradient":""}},"footnotes":""},"class_list":["post-3","page","type-page","status-publish","hentry"],"acf":[],"yoast_head":"<!-- This site is optimized with the Yoast SEO plugin v26.1.1 - https:\/\/yoast.com\/wordpress\/plugins\/seo\/ -->\n<title>Privacy Policy - House Of Candy<\/title>\n<meta name=\"robots\" content=\"index, follow, max-snippet:-1, max-image-preview:large, max-video-preview:-1\" \/>\n<link rel=\"canonical\" href=\"https:\/\/houseofcandy.fun\/ca\/privacy-policy\/\" \/>\n<meta property=\"og:locale\" content=\"ca_ES\" \/>\n<meta property=\"og:type\" content=\"article\" \/>\n<meta property=\"og:title\" content=\"Privacy Policy - House Of Candy\" \/>\n<meta property=\"og:description\" content=\"Who we are Our website address is: http:\/\/houseofcandy.fun. Comments When visitors leave comments on the site we collect the data [&hellip;]\" \/>\n<meta property=\"og:url\" content=\"https:\/\/houseofcandy.fun\/ca\/privacy-policy\/\" \/>\n<meta property=\"og:site_name\" content=\"House Of Candy\" \/>\n<meta property=\"article:modified_time\" content=\"2025-06-27T09:41:15+00:00\" \/>\n<meta name=\"twitter:card\" content=\"summary_large_image\" \/>\n<meta name=\"twitter:label1\" content=\"Temps estimat de lectura\" \/>\n\t<meta name=\"twitter:data1\" content=\"2 minutes\" \/>\n<script type=\"application\/ld+json\" class=\"yoast-schema-graph\">{\"@context\":\"https:\/\/schema.org\",\"@graph\":[{\"@type\":\"WebPage\",\"@id\":\"https:\/\/houseofcandy.fun\/privacy-policy\/\",\"url\":\"https:\/\/houseofcandy.fun\/privacy-policy\/\",\"name\":\"Privacy Policy - House Of Candy\",\"isPartOf\":{\"@id\":\"https:\/\/houseofcandy.fun\/#website\"},\"datePublished\":\"2024-12-12T16:29:18+00:00\",\"dateModified\":\"2025-06-27T09:41:15+00:00\",\"breadcrumb\":{\"@id\":\"https:\/\/houseofcandy.fun\/privacy-policy\/#breadcrumb\"},\"inLanguage\":\"ca\",\"potentialAction\":[{\"@type\":\"ReadAction\",\"target\":[\"https:\/\/houseofcandy.fun\/privacy-policy\/\"]}]},{\"@type\":\"BreadcrumbList\",\"@id\":\"https:\/\/houseofcandy.fun\/privacy-policy\/#breadcrumb\",\"itemListElement\":[{\"@type\":\"ListItem\",\"position\":1,\"name\":\"Home\",\"item\":\"https:\/\/houseofcandy.fun\/\"},{\"@type\":\"ListItem\",\"position\":2,\"name\":\"Privacy Policy\"}]},{\"@type\":\"WebSite\",\"@id\":\"https:\/\/houseofcandy.fun\/#website\",\"url\":\"https:\/\/houseofcandy.fun\/\",\"name\":\"House Of Candy\",\"description\":\"\",\"publisher\":{\"@id\":\"https:\/\/houseofcandy.fun\/#organization\"},\"potentialAction\":[{\"@type\":\"SearchAction\",\"target\":{\"@type\":\"EntryPoint\",\"urlTemplate\":\"https:\/\/houseofcandy.fun\/?s={search_term_string}\"},\"query-input\":{\"@type\":\"PropertyValueSpecification\",\"valueRequired\":true,\"valueName\":\"search_term_string\"}}],\"inLanguage\":\"ca\"},{\"@type\":\"Organization\",\"@id\":\"https:\/\/houseofcandy.fun\/#organization\",\"name\":\"House Of Candy\",\"url\":\"https:\/\/houseofcandy.fun\/\",\"logo\":{\"@type\":\"ImageObject\",\"inLanguage\":\"ca\",\"@id\":\"https:\/\/houseofcandy.fun\/#\/schema\/logo\/image\/\",\"url\":\"https:\/\/houseofcandy.fun\/wp-content\/uploads\/2024\/12\/main-logo-pink-claim.png\",\"contentUrl\":\"https:\/\/houseofcandy.fun\/wp-content\/uploads\/2024\/12\/main-logo-pink-claim.png\",\"width\":1029,\"height\":703,\"caption\":\"House Of Candy\"},\"image\":{\"@id\":\"https:\/\/houseofcandy.fun\/#\/schema\/logo\/image\/\"}}]}<\/script>\n<!-- \/ Yoast SEO plugin. -->","yoast_head_json":{"title":"Privacy Policy - House Of Candy","robots":{"index":"index","follow":"follow","max-snippet":"max-snippet:-1","max-image-preview":"max-image-preview:large","max-video-preview":"max-video-preview:-1"},"canonical":"https:\/\/houseofcandy.fun\/ca\/privacy-policy\/","og_locale":"ca_ES","og_type":"article","og_title":"Privacy Policy - House Of Candy","og_description":"Who we are Our website address is: http:\/\/houseofcandy.fun. Comments When visitors leave comments on the site we collect the data [&hellip;]","og_url":"https:\/\/houseofcandy.fun\/ca\/privacy-policy\/","og_site_name":"House Of Candy","article_modified_time":"2025-06-27T09:41:15+00:00","twitter_card":"summary_large_image","twitter_misc":{"Temps estimat de lectura":"2 minutes"},"schema":{"@context":"https:\/\/schema.org","@graph":[{"@type":"WebPage","@id":"https:\/\/houseofcandy.fun\/privacy-policy\/","url":"https:\/\/houseofcandy.fun\/privacy-policy\/","name":"Privacy Policy - House Of Candy","isPartOf":{"@id":"https:\/\/houseofcandy.fun\/#website"},"datePublished":"2024-12-12T16:29:18+00:00","dateModified":"2025-06-27T09:41:15+00:00","breadcrumb":{"@id":"https:\/\/houseofcandy.fun\/privacy-policy\/#breadcrumb"},"inLanguage":"ca","potentialAction":[{"@type":"ReadAction","target":["https:\/\/houseofcandy.fun\/privacy-policy\/"]}]},{"@type":"BreadcrumbList","@id":"https:\/\/houseofcandy.fun\/privacy-policy\/#breadcrumb","itemListElement":[{"@type":"ListItem","position":1,"name":"Home","item":"https:\/\/houseofcandy.fun\/"},{"@type":"ListItem","position":2,"name":"Privacy Policy"}]},{"@type":"WebSite","@id":"https:\/\/houseofcandy.fun\/#website","url":"https:\/\/houseofcandy.fun\/","name":"House Of Candy","description":"","publisher":{"@id":"https:\/\/houseofcandy.fun\/#organization"},"potentialAction":[{"@type":"SearchAction","target":{"@type":"EntryPoint","urlTemplate":"https:\/\/houseofcandy.fun\/?s={search_term_string}"},"query-input":{"@type":"PropertyValueSpecification","valueRequired":true,"valueName":"search_term_string"}}],"inLanguage":"ca"},{"@type":"Organization","@id":"https:\/\/houseofcandy.fun\/#organization","name":"House Of Candy","url":"https:\/\/houseofcandy.fun\/","logo":{"@type":"ImageObject","inLanguage":"ca","@id":"https:\/\/houseofcandy.fun\/#\/schema\/logo\/image\/","url":"https:\/\/houseofcandy.fun\/wp-content\/uploads\/2024\/12\/main-logo-pink-claim.png","contentUrl":"https:\/\/houseofcandy.fun\/wp-content\/uploads\/2024\/12\/main-logo-pink-claim.png","width":1029,"height":703,"caption":"House Of Candy"},"image":{"@id":"https:\/\/houseofcandy.fun\/#\/schema\/logo\/image\/"}}]}},"_links":{"self":[{"href":"https:\/\/houseofcandy.fun\/ca\/wp-json\/wp\/v2\/pages\/3","targetHints":{"allow":["GET"]}}],"collection":[{"href":"https:\/\/houseofcandy.fun\/ca\/wp-json\/wp\/v2\/pages"}],"about":[{"href":"https:\/\/houseofcandy.fun\/ca\/wp-json\/wp\/v2\/types\/page"}],"author":[{"embeddable":true,"href":"https:\/\/houseofcandy.fun\/ca\/wp-json\/wp\/v2\/users\/1"}],"replies":[{"embeddable":true,"href":"https:\/\/houseofcandy.fun\/ca\/wp-json\/wp\/v2\/comments?post=3"}],"version-history":[{"count":3,"href":"https:\/\/houseofcandy.fun\/ca\/wp-json\/wp\/v2\/pages\/3\/revisions"}],"predecessor-version":[{"id":1440,"href":"https:\/\/houseofcandy.fun\/ca\/wp-json\/wp\/v2\/pages\/3\/revisions\/1440"}],"wp:attachment":[{"href":"https:\/\/houseofcandy.fun\/ca\/wp-json\/wp\/v2\/media?parent=3"}],"curies":[{"name":"wp","href":"https:\/\/api.w.org\/{rel}","templated":true}]}}